{"id":9,"date":"2025-12-12T15:25:26","date_gmt":"2025-12-12T14:25:26","guid":{"rendered":"https:\/\/ekipa10.startengine.si\/?page_id=9"},"modified":"2025-12-12T15:58:54","modified_gmt":"2025-12-12T14:58:54","slug":"stran-1","status":"publish","type":"page","link":"https:\/\/ekipa10.startengine.si\/","title":{"rendered":"Kaj je MongoDB?"},"content":{"rendered":"\n<p>MongoDB je sodobna, dokumentno usmerjena podatkovna baza tipa NoSQL, ki namesto tabel uporablja fleksibilne JSON\u2011podobne dokumente za shranjevanje podatkov.<\/p>\n\n\n\n<p>Je vrsta baze, kjer gre za NoSQL podatkovno bazo, kar pomeni, da ne uporablja klasi\u010dne relacijske strukture (tabele, vrstice, stolpci), temve\u010d dokumente.<\/p>\n\n\n\n<p>Podatki so shranjeni v BSON formatu, kar pomeni Binarni JSON, ki omogo\u010da kompleksne strukture (npr. gnezdeni dokumenti in polja).<\/p>\n\n\n\n<p>Izdana leta 2009 s strani podjetja 10gen, danes MongoDB Inc.<\/p>\n\n\n\n<p>Uporablja se v spletnih aplikacijah, mobilnih sistemih, kjer je pomembna hitrost, fleksibilnost in skalabilnost.<\/p>\n\n\n\n<p><strong>Zna\u010dilnosti:<\/strong><\/p>\n\n\n\n<p>Fleksibilnost \u2013 ni potrebe po vnaprej definiranih shemah<\/p>\n\n\n\n<p>Skalabilnost \u2013 podpira deljenje podatkov po ve\u010d stre\u017enikih, kar omogo\u010da obdelavo velikih koli\u010din podatkov<\/p>\n\n\n\n<p>Visoka razpolo\u017eljivost \u2013 zagotavlja varnost in odpornost na izpade<\/p>\n\n\n\n<p>ACID transakcije \u2013 omogo\u010da zanesljivo obdelavo podatkov<\/p>\n\n\n\n<p>Napredne funkcije \u2013 geoprostorsko iskanje, tekstovno iskanje in vektorsko iskanje<\/p>\n","protected":false},"excerpt":{"rendered":"<p>MongoDB je sodobna, dokumentno usmerjena podatkovna baza tipa NoSQL, ki namesto tabel uporablja fleksibilne JSON\u2011podobne dokumente za shranjevanje podatkov. Je vrsta baze, kjer gre za NoSQL podatkovno bazo, kar pomeni, da ne uporablja klasi\u010dne relacijske strukture (tabele, vrstice, stolpci), temve\u010d dokumente. Podatki so shranjeni v BSON formatu, kar pomeni Binarni JSON, ki omogo\u010da kompleksne strukture [&hellip;]<\/p>\n","protected":false},"author":1,"featured_media":0,"parent":0,"menu_order":0,"comment_status":"closed","ping_status":"closed","template":"","meta":{"footnotes":""},"class_list":["post-9","page","type-page","status-publish","hentry"],"_links":{"self":[{"href":"https:\/\/ekipa10.startengine.si\/index.php?rest_route=\/wp\/v2\/pages\/9","targetHints":{"allow":["GET"]}}],"collection":[{"href":"https:\/\/ekipa10.startengine.si\/index.php?rest_route=\/wp\/v2\/pages"}],"about":[{"href":"https:\/\/ekipa10.startengine.si\/index.php?rest_route=\/wp\/v2\/types\/page"}],"author":[{"embeddable":true,"href":"https:\/\/ekipa10.startengine.si\/index.php?rest_route=\/wp\/v2\/users\/1"}],"replies":[{"embeddable":true,"href":"https:\/\/ekipa10.startengine.si\/index.php?rest_route=%2Fwp%2Fv2%2Fcomments&post=9"}],"version-history":[{"count":2,"href":"https:\/\/ekipa10.startengine.si\/index.php?rest_route=\/wp\/v2\/pages\/9\/revisions"}],"predecessor-version":[{"id":14,"href":"https:\/\/ekipa10.startengine.si\/index.php?rest_route=\/wp\/v2\/pages\/9\/revisions\/14"}],"wp:attachment":[{"href":"https:\/\/ekipa10.startengine.si\/index.php?rest_route=%2Fwp%2Fv2%2Fmedia&parent=9"}],"curies":[{"name":"wp","href":"https:\/\/api.w.org\/{rel}","templated":true}]}}